{"id":55,"date":"2019-05-28T20:00:16","date_gmt":"2019-05-28T18:00:16","guid":{"rendered":"https:\/\/dnd.iesari.me\/?page_id=55"},"modified":"2020-01-23T14:46:28","modified_gmt":"2020-01-23T13:46:28","slug":"personaggi","status":"publish","type":"page","link":"https:\/\/dnd.iesari.me\/index.php\/personaggi\/","title":{"rendered":"Personaggi"},"content":{"rendered":"\n<h2 class=\"wp-block-heading\">Protagonisti<\/h2>\n\n\n\n<h4 class=\"wp-block-heading\" id=\"elwine\"><img loading=\"lazy\" decoding=\"async\" width=\"514\" height=\"514\" class=\"wp-image-209\" style=\"width: 50px; border-radius: 50px; vertical-align: middle; margin-right: 10px;\" src=\"https:\/\/dnd.iesari.me\/wp-content\/uploads\/2019\/08\/Elwine.jpg\" alt=\"\" srcset=\"https:\/\/dnd.iesari.me\/wp-content\/uploads\/2019\/08\/Elwine.jpg 514w, https:\/\/dnd.iesari.me\/wp-content\/uploads\/2019\/08\/Elwine-150x150.jpg 150w, https:\/\/dnd.iesari.me\/wp-content\/uploads\/2019\/08\/Elwine-300x300.jpg 300w\" sizes=\"auto, (max-width: 514px) 100vw, 514px\" \/> Wulfgar Elwine Erfenn Hebardin Shrenan<\/h4>\n\n\n\n<p>Un giovane gnomo che, a seguito di un lavoro fallito, si ritrova senza nulla, ma una volta congiunto con i suoi nuovi compagni sembra determinato a voler cercare vendetta.<\/p>\n\n\n\n<h4 class=\"wp-block-heading\" id=\"dara\"><img decoding=\"async\" class=\"wp-image-209\" style=\"width: 50px; border-radius: 50px; vertical-align: middle; margin-right: 10px;\" src=\"https:\/\/dnd.iesari.me\/wp-content\/uploads\/2019\/08\/Dara.jpg\" alt=\"\"> Dara Phihana Oladi<\/h4>\n\n\n\n<p>Un&#8217;elfa dal passato turbolento e con un aspetto fuori dal comune. La sua pelle a scaglie ed il simbolo sul suo braccio la spingono a far chiarezza sulle sue origini misteriose.<\/p>\n\n\n\n<h4 class=\"wp-block-heading\" id=\"lia\"><img decoding=\"async\" class=\"wp-image-209\" style=\"width: 50px; border-radius: 50px; vertical-align: middle; margin-right: 10px;\" src=\"https:\/\/dnd.iesari.me\/wp-content\/uploads\/2019\/08\/Lia.jpg\" alt=\"\"> Lia Liadon<\/h4>\n\n\n\n<p>Chierica appartanente alla chiesa di Hanali Celanil, la cui famiglia \u00e8 stata uccisa a seguito della distruzione del suo villagio natio. Intraprende cos\u00ec il suo viaggio alla ricerca dei responsabili di questo atroce attacco.<\/p>\n\n\n\n<h4 class=\"wp-block-heading\" id=\"nali\"><img decoding=\"async\" class=\"wp-image-209\" style=\"width: 50px; border-radius: 50px; vertical-align: middle; margin-right: 10px;\" src=\"https:\/\/dnd.iesari.me\/wp-content\/uploads\/2019\/08\/Nali.jpg\" alt=\"\"> Nali Steelborn<\/h4>\n\n\n\n<p>\u00c8 un nano.<\/p>\n\n\n\n<h2 class=\"wp-block-heading\">Secondari<\/h2>\n\n\n\n<h4 class=\"wp-block-heading\" id=\"glabriel\">Glabriel<\/h4>\n\n\n\n<p>Elfo proprietario di una famosa locanda nella citt\u00e0 di Loshanna. Di lui si conoscono soltanto le sue perverzioni.<\/p>\n\n\n\n<h4 class=\"wp-block-heading\" id=\"ink\">Ink<\/h4>\n\n\n\n<p>Marinaio che opera principalmente nella citt\u00e0 di Wenya, ma non \u00e8 raro trovarlo da Glabriel a Loshanna. Sempre aggiornato sui fatti che circondano il territorio, \u00e8 un ottima fonte di informazioni previo equo pagamento. In passato ha lavorato anche insieme ad Elwine.<\/p>\n\n\n\n<h4 class=\"wp-block-heading\" id=\"varro\">Varro<\/h4>\n\n\n\n<p>Un pover&#8217;uomo finito in disgrazia a causa della Mano Nera. Indebitatosi con questi, chiede un prestito di 2.000 monete d&#8217;oro ad Ink ma ne rimane a sua volta debitore a causa delle richieste impossibili del sopraccitato clan, finendone cos\u00ec prigioniero.<\/p>\n\n\n<p><br>\n<!--StartFragment--><\/p>\n\n\n<h4 class=\"wp-block-heading\" id=\"varro\">Karrol<\/h4>\n\n\n\n<p>Un ricco mercante del Gran Corno. La sua ricchezza \u00e8 seconda solo alla sua sete di potere ed utilizzer\u00e0 ogni mezzo a sua disposizione per diventare Lord. Hanno stretto con lui un utile accordo, ma finora per questo hanno solo fatto incontri poco raccomandabili&#8230;<\/p>\n\n\n\n<p><\/p>\n\n\n<p><!--EndFragment--><br \/><br \/><\/p>","protected":false},"excerpt":{"rendered":"<p>Protagonisti Wulfgar Elwine Erfenn Hebardin Shrenan Un giovane gnomo che, a seguito di un lavoro fallito, si ritrova senza nulla, ma una volta congiunto con i suoi nuovi compagni sembra determinato a voler cercare vendetta. Dara Phihana Oladi Un&#8217;elfa dal&#8230; <a class=\"more-link\" href=\"https:\/\/dnd.iesari.me\/index.php\/personaggi\/\">Continua a leggere &rarr;<\/a><\/p>\n","protected":false},"author":1,"featured_media":0,"parent":0,"menu_order":0,"comment_status":"closed","ping_status":"closed","template":"","meta":{"footnotes":""},"class_list":["post-55","page","type-page","status-publish","hentry"],"featured_image_src":null,"featured_image_src_square":null,"_links":{"self":[{"href":"https:\/\/dnd.iesari.me\/index.php\/wp-json\/wp\/v2\/pages\/55","targetHints":{"allow":["GET"]}}],"collection":[{"href":"https:\/\/dnd.iesari.me\/index.php\/wp-json\/wp\/v2\/pages"}],"about":[{"href":"https:\/\/dnd.iesari.me\/index.php\/wp-json\/wp\/v2\/types\/page"}],"author":[{"embeddable":true,"href":"https:\/\/dnd.iesari.me\/index.php\/wp-json\/wp\/v2\/users\/1"}],"replies":[{"embeddable":true,"href":"https:\/\/dnd.iesari.me\/index.php\/wp-json\/wp\/v2\/comments?post=55"}],"version-history":[{"count":19,"href":"https:\/\/dnd.iesari.me\/index.php\/wp-json\/wp\/v2\/pages\/55\/revisions"}],"predecessor-version":[{"id":559,"href":"https:\/\/dnd.iesari.me\/index.php\/wp-json\/wp\/v2\/pages\/55\/revisions\/559"}],"wp:attachment":[{"href":"https:\/\/dnd.iesari.me\/index.php\/wp-json\/wp\/v2\/media?parent=55"}],"curies":[{"name":"wp","href":"https:\/\/api.w.org\/{rel}","templated":true}]}}